{"id":23,"date":"2017-01-19T10:01:23","date_gmt":"2017-01-19T09:01:23","guid":{"rendered":"http:\/\/s470124261.onlinehome.fr\/?page_id=23"},"modified":"2017-01-19T10:01:23","modified_gmt":"2017-01-19T09:01:23","slug":"qui-sommes-nous","status":"publish","type":"page","link":"http:\/\/lesecretariat.fr\/?page_id=23","title":{"rendered":"Qui sommes-nous ?"},"content":{"rendered":"<h2>Lesecretariat.fr : le secr\u00e9tariat\u00a0qu&#8217;il vous faut !<\/h2>\n<p>Depuis plus de 25 ans\u00a0,\u00a0<strong>Lesecretariat.fr<\/strong> all\u00e8ge vos journ\u00e9es et s&#8217;occupe de vos patients gr\u00e2ce \u00e0 un <strong>service<\/strong> de <strong>secr\u00e9tariat<\/strong> enti\u00e8rement <strong>personnalis\u00e9 <\/strong>et<strong>\u00a0<\/strong>adapt\u00e9 \u00e0 tous types de professions <strong>m\u00e9dicales<\/strong> et <strong>param\u00e9dicales<\/strong>.\u00a0<\/p>\n<p>Nous avons construit\u00a0notre expertise \u00e0 partir d&#8217;une solide exp\u00e9rience du domaine de la m\u00e9decine. Notre \u00e9quipe de <strong>professionnels<\/strong>\u00a0est encadr\u00e9e par une <strong>biologiste<\/strong> de formation, ainsi qu&#8217;une <strong>orthophoniste<\/strong> dipl\u00f4m\u00e9e. Notre service\u00a0poss\u00e8de une grande\u00a0expertise li\u00e9e aux sp\u00e9cificit\u00e9s<strong>\u00a0du secteur m\u00e9dical et param\u00e9dical.<\/strong><\/p>\n<p><strong>Notre m\u00e9tier ?\u00a0<\/strong>Apporter\u00a0\u00a0une r\u00e9ponse personnalis\u00e9e \u00e0 tous les professionnels de sant\u00e9, all\u00e9ger vos journ\u00e9es et vous accompagner dans la gestion de vos patients au quotidien.<\/p>\n<p>&nbsp;<\/p>\n<h3 style=\"text-align: left;\"><strong>Nos services s&#8217;adressent \u00e0 tous types de professions appartenant au domaine du m\u00e9dical :<\/strong><\/h3>\n<ul style=\"list-style-type: square;\">\n<li style=\"text-align: left;\">ophtalmologues,<\/li>\n<li style=\"text-align: left;\">dermatologues,<\/li>\n<li style=\"text-align: left;\">m\u00e9decins g\u00e9n\u00e9ralistes,<\/li>\n<li style=\"text-align: left;\">orthodontistes,<\/li>\n<li style=\"text-align: left;\">gyn\u00e9cologues,<\/li>\n<li style=\"text-align: left;\">ORL,<\/li>\n<li style=\"text-align: left;\">podologues, etc.<\/li>\n<\/ul>\n<p>&nbsp;<\/p>\n<p>Une <strong>secr\u00e9taire m\u00e9dicale qualifi\u00e9e<\/strong> r\u00e9pond \u00e0 vos patients de fa\u00e7on professionnelle mais\u00a0surtout, adapt\u00e9e\u00a0\u00e0 votre corps de m\u00e9tier.\u00a0<\/p>\n<p>\u00c0 tout moment, vous pouvez prendre connaissance de vos appels, \u00a0acc\u00e9der aux informations li\u00e9es \u00e0 votre planning en temps r\u00e9el, mais surtout, b\u00e9n\u00e9ficier d&#8217;un service <strong>100% transparent<\/strong>.<\/p>\n<p>Vous n&#8217;imaginez pas tous les avantages qu&#8217;un service de secr\u00e9tariat en ligne de qualit\u00e9 peut vous apporter !<\/p>\n<p>Pour plus <strong><span style=\"text-decoration: underline;\"><a href=\"https:\/\/lesecretariat.fr\/nos-solutions\/accueil-telephonique\/\">d&#8217;informations<\/a><\/span><\/strong> sur notre <strong>secr\u00e9tariat en ligne<\/strong> d\u00e9di\u00e9 aux <strong>professions m\u00e9dicales<\/strong>, <span style=\"text-decoration: underline;\"><strong><a href=\"https:\/\/lesecretariat.fr\/contact\/\">contactez-nous<\/a><\/strong><\/span>, nous saurons vous <strong>guider<\/strong> !<\/p>\n","protected":false},"excerpt":{"rendered":"Lesecretariat.fr : le secr\u00e9tariat\u00a0qu&#8217;il vous faut ! Depuis plus de 25 ans\u00a0,\u00a0Lesecretariat.fr all\u00e8ge vos journ\u00e9es et s&#8217;occupe de vos patients gr\u00e2ce \u00e0 un service de secr\u00e9tariat enti\u00e8rement personnalis\u00e9 et\u00a0adapt\u00e9 \u00e0 tous types de professions m\u00e9dicales et param\u00e9dicales.\u00a0 Nous avons construit\u00a0notre expertise \u00e0 partir d&#8217;une solide exp\u00e9rience du domaine de la m\u00e9decine. Notre \u00e9quipe de professionnels\u00a0est&#8230; <a class=\"view-article\" href=\"http:\/\/lesecretariat.fr\/?page_id=23\">View Article<\/a>","protected":false},"author":1,"featured_media":253,"parent":0,"menu_order":0,"comment_status":"closed","ping_status":"closed","template":"","meta":{"footnotes":""},"class_list":["post-23","page","type-page","status-publish","has-post-thumbnail","hentry"],"_links":{"self":[{"href":"http:\/\/lesecretariat.fr\/index.php?rest_route=\/wp\/v2\/pages\/23","targetHints":{"allow":["GET"]}}],"collection":[{"href":"http:\/\/lesecretariat.fr\/index.php?rest_route=\/wp\/v2\/pages"}],"about":[{"href":"http:\/\/lesecretariat.fr\/index.php?rest_route=\/wp\/v2\/types\/page"}],"author":[{"embeddable":true,"href":"http:\/\/lesecretariat.fr\/index.php?rest_route=\/wp\/v2\/users\/1"}],"replies":[{"embeddable":true,"href":"http:\/\/lesecretariat.fr\/index.php?rest_route=%2Fwp%2Fv2%2Fcomments&post=23"}],"version-history":[{"count":0,"href":"http:\/\/lesecretariat.fr\/index.php?rest_route=\/wp\/v2\/pages\/23\/revisions"}],"wp:featuredmedia":[{"embeddable":true,"href":"http:\/\/lesecretariat.fr\/index.php?rest_route=\/wp\/v2\/media\/253"}],"wp:attachment":[{"href":"http:\/\/lesecretariat.fr\/index.php?rest_route=%2Fwp%2Fv2%2Fmedia&parent=23"}],"curies":[{"name":"wp","href":"https:\/\/api.w.org\/{rel}","templated":true}]}}